{"id":265,"date":"2021-08-11T17:51:44","date_gmt":"2021-08-11T15:51:44","guid":{"rendered":"http:\/\/www.leadermac.pl\/oferta\/"},"modified":"2021-08-18T17:27:04","modified_gmt":"2021-08-18T15:27:04","slug":"offer","status":"publish","type":"page","link":"https:\/\/www.leadermac.pl\/en\/offer\/","title":{"rendered":"Offer"},"content":{"rendered":"","protected":false},"excerpt":{"rendered":"","protected":false},"author":1,"featured_media":177,"parent":0,"menu_order":0,"comment_status":"closed","ping_status":"closed","template":"page-templates\/offerts.php","meta":{"_acf_changed":false,"inline_featured_image":false,"footnotes":""},"class_list":["post-265","page","type-page","status-publish","has-post-thumbnail","hentry"],"acf":[],"yoast_head":"<!-- This site is optimized with the Yoast SEO plugin v27.4 - https:\/\/yoast.com\/product\/yoast-seo-wordpress\/ -->\n<title>Offer - Leadermac<\/title>\n<meta name=\"robots\" content=\"index, follow, max-snippet:-1, max-image-preview:large, max-video-preview:-1\" \/>\n<link rel=\"canonical\" href=\"https:\/\/www.leadermac.pl\/en\/offer\/\" \/>\n<meta property=\"og:locale\" content=\"en_US\" \/>\n<meta property=\"og:type\" content=\"article\" \/>\n<meta property=\"og:title\" content=\"Offer - Leadermac\" \/>\n<meta property=\"og:url\" content=\"https:\/\/www.leadermac.pl\/en\/offer\/\" \/>\n<meta property=\"og:site_name\" content=\"Leadermac\" \/>\n<meta property=\"article:modified_time\" content=\"2021-08-18T15:27:04+00:00\" \/>\n<meta property=\"og:image\" content=\"https:\/\/www.leadermac.pl\/wp-content\/uploads\/2021\/08\/drill-machine-carpentry-workshop-1-1.jpg\" \/>\n\t<meta property=\"og:image:width\" content=\"1903\" \/>\n\t<meta property=\"og:image:height\" content=\"290\" \/>\n\t<meta property=\"og:image:type\" content=\"image\/jpeg\" \/>\n<meta name=\"twitter:card\" content=\"summary_large_image\" \/>\n<script type=\"application\/ld+json\" class=\"yoast-schema-graph\">{\"@context\":\"https:\\\/\\\/schema.org\",\"@graph\":[{\"@type\":\"WebPage\",\"@id\":\"https:\\\/\\\/www.leadermac.pl\\\/en\\\/offer\\\/\",\"url\":\"https:\\\/\\\/www.leadermac.pl\\\/en\\\/offer\\\/\",\"name\":\"Offer - Leadermac\",\"isPartOf\":{\"@id\":\"https:\\\/\\\/www.leadermac.pl\\\/en\\\/#website\"},\"primaryImageOfPage\":{\"@id\":\"https:\\\/\\\/www.leadermac.pl\\\/en\\\/offer\\\/#primaryimage\"},\"image\":{\"@id\":\"https:\\\/\\\/www.leadermac.pl\\\/en\\\/offer\\\/#primaryimage\"},\"thumbnailUrl\":\"https:\\\/\\\/www.leadermac.pl\\\/wp-content\\\/uploads\\\/2021\\\/08\\\/drill-machine-carpentry-workshop-1-1.jpg\",\"datePublished\":\"2021-08-11T15:51:44+00:00\",\"dateModified\":\"2021-08-18T15:27:04+00:00\",\"breadcrumb\":{\"@id\":\"https:\\\/\\\/www.leadermac.pl\\\/en\\\/offer\\\/#breadcrumb\"},\"inLanguage\":\"en-US\",\"potentialAction\":[{\"@type\":\"ReadAction\",\"target\":[\"https:\\\/\\\/www.leadermac.pl\\\/en\\\/offer\\\/\"]}]},{\"@type\":\"ImageObject\",\"inLanguage\":\"en-US\",\"@id\":\"https:\\\/\\\/www.leadermac.pl\\\/en\\\/offer\\\/#primaryimage\",\"url\":\"https:\\\/\\\/www.leadermac.pl\\\/wp-content\\\/uploads\\\/2021\\\/08\\\/drill-machine-carpentry-workshop-1-1.jpg\",\"contentUrl\":\"https:\\\/\\\/www.leadermac.pl\\\/wp-content\\\/uploads\\\/2021\\\/08\\\/drill-machine-carpentry-workshop-1-1.jpg\",\"width\":1903,\"height\":290},{\"@type\":\"BreadcrumbList\",\"@id\":\"https:\\\/\\\/www.leadermac.pl\\\/en\\\/offer\\\/#breadcrumb\",\"itemListElement\":[{\"@type\":\"ListItem\",\"position\":1,\"name\":\"Strona g\u0142\u00f3wna\",\"item\":\"https:\\\/\\\/www.leadermac.pl\\\/en\\\/\"},{\"@type\":\"ListItem\",\"position\":2,\"name\":\"Offer\"}]},{\"@type\":\"WebSite\",\"@id\":\"https:\\\/\\\/www.leadermac.pl\\\/en\\\/#website\",\"url\":\"https:\\\/\\\/www.leadermac.pl\\\/en\\\/\",\"name\":\"Leadermac\",\"description\":\"Od przesz\u0142o 20 lat dostarczamy innowacyjne narz\u0119dzia  i rozwi\u0105zujemy problemy technologiczne.\",\"potentialAction\":[{\"@type\":\"SearchAction\",\"target\":{\"@type\":\"EntryPoint\",\"urlTemplate\":\"https:\\\/\\\/www.leadermac.pl\\\/en\\\/?s={search_term_string}\"},\"query-input\":{\"@type\":\"PropertyValueSpecification\",\"valueRequired\":true,\"valueName\":\"search_term_string\"}}],\"inLanguage\":\"en-US\"}]}<\/script>\n<!-- \/ Yoast SEO plugin. -->","yoast_head_json":{"title":"Offer - Leadermac","robots":{"index":"index","follow":"follow","max-snippet":"max-snippet:-1","max-image-preview":"max-image-preview:large","max-video-preview":"max-video-preview:-1"},"canonical":"https:\/\/www.leadermac.pl\/en\/offer\/","og_locale":"en_US","og_type":"article","og_title":"Offer - Leadermac","og_url":"https:\/\/www.leadermac.pl\/en\/offer\/","og_site_name":"Leadermac","article_modified_time":"2021-08-18T15:27:04+00:00","og_image":[{"width":1903,"height":290,"url":"https:\/\/www.leadermac.pl\/wp-content\/uploads\/2021\/08\/drill-machine-carpentry-workshop-1-1.jpg","type":"image\/jpeg"}],"twitter_card":"summary_large_image","schema":{"@context":"https:\/\/schema.org","@graph":[{"@type":"WebPage","@id":"https:\/\/www.leadermac.pl\/en\/offer\/","url":"https:\/\/www.leadermac.pl\/en\/offer\/","name":"Offer - Leadermac","isPartOf":{"@id":"https:\/\/www.leadermac.pl\/en\/#website"},"primaryImageOfPage":{"@id":"https:\/\/www.leadermac.pl\/en\/offer\/#primaryimage"},"image":{"@id":"https:\/\/www.leadermac.pl\/en\/offer\/#primaryimage"},"thumbnailUrl":"https:\/\/www.leadermac.pl\/wp-content\/uploads\/2021\/08\/drill-machine-carpentry-workshop-1-1.jpg","datePublished":"2021-08-11T15:51:44+00:00","dateModified":"2021-08-18T15:27:04+00:00","breadcrumb":{"@id":"https:\/\/www.leadermac.pl\/en\/offer\/#breadcrumb"},"inLanguage":"en-US","potentialAction":[{"@type":"ReadAction","target":["https:\/\/www.leadermac.pl\/en\/offer\/"]}]},{"@type":"ImageObject","inLanguage":"en-US","@id":"https:\/\/www.leadermac.pl\/en\/offer\/#primaryimage","url":"https:\/\/www.leadermac.pl\/wp-content\/uploads\/2021\/08\/drill-machine-carpentry-workshop-1-1.jpg","contentUrl":"https:\/\/www.leadermac.pl\/wp-content\/uploads\/2021\/08\/drill-machine-carpentry-workshop-1-1.jpg","width":1903,"height":290},{"@type":"BreadcrumbList","@id":"https:\/\/www.leadermac.pl\/en\/offer\/#breadcrumb","itemListElement":[{"@type":"ListItem","position":1,"name":"Strona g\u0142\u00f3wna","item":"https:\/\/www.leadermac.pl\/en\/"},{"@type":"ListItem","position":2,"name":"Offer"}]},{"@type":"WebSite","@id":"https:\/\/www.leadermac.pl\/en\/#website","url":"https:\/\/www.leadermac.pl\/en\/","name":"Leadermac","description":"Od przesz\u0142o 20 lat dostarczamy innowacyjne narz\u0119dzia  i rozwi\u0105zujemy problemy technologiczne.","potentialAction":[{"@type":"SearchAction","target":{"@type":"EntryPoint","urlTemplate":"https:\/\/www.leadermac.pl\/en\/?s={search_term_string}"},"query-input":{"@type":"PropertyValueSpecification","valueRequired":true,"valueName":"search_term_string"}}],"inLanguage":"en-US"}]}},"_links":{"self":[{"href":"https:\/\/www.leadermac.pl\/en\/wp-json\/wp\/v2\/pages\/265","targetHints":{"allow":["GET"]}}],"collection":[{"href":"https:\/\/www.leadermac.pl\/en\/wp-json\/wp\/v2\/pages"}],"about":[{"href":"https:\/\/www.leadermac.pl\/en\/wp-json\/wp\/v2\/types\/page"}],"author":[{"embeddable":true,"href":"https:\/\/www.leadermac.pl\/en\/wp-json\/wp\/v2\/users\/1"}],"replies":[{"embeddable":true,"href":"https:\/\/www.leadermac.pl\/en\/wp-json\/wp\/v2\/comments?post=265"}],"version-history":[{"count":1,"href":"https:\/\/www.leadermac.pl\/en\/wp-json\/wp\/v2\/pages\/265\/revisions"}],"predecessor-version":[{"id":273,"href":"https:\/\/www.leadermac.pl\/en\/wp-json\/wp\/v2\/pages\/265\/revisions\/273"}],"wp:featuredmedia":[{"embeddable":true,"href":"https:\/\/www.leadermac.pl\/en\/wp-json\/wp\/v2\/media\/177"}],"wp:attachment":[{"href":"https:\/\/www.leadermac.pl\/en\/wp-json\/wp\/v2\/media?parent=265"}],"curies":[{"name":"wp","href":"https:\/\/api.w.org\/{rel}","templated":true}]}}